{"id":13,"date":"2021-11-28T16:43:27","date_gmt":"2021-11-28T16:43:27","guid":{"rendered":"https:\/\/businessplan-fuer-coaches.de\/?page_id=13"},"modified":"2022-11-09T19:43:04","modified_gmt":"2022-11-09T19:43:04","slug":"impressum","status":"publish","type":"page","link":"https:\/\/businessplan-fuer-coaches.de\/?page_id=13","title":{"rendered":"Impressum"},"content":{"rendered":"<p>[et_pb_section fb_built=&#8220;1&#8243; _builder_version=&#8220;3.22&#8243; global_colors_info=&#8220;{}&#8220;][et_pb_row _builder_version=&#8220;3.25&#8243; global_colors_info=&#8220;{}&#8220;][et_pb_column type=&#8220;4_4&#8243; _builder_version=&#8220;3.25&#8243; custom_padding=&#8220;|||&#8220; global_colors_info=&#8220;{}&#8220; custom_padding__hover=&#8220;|||&#8220;][et_pb_text _builder_version=&#8220;3.27.4&#8243; global_colors_info=&#8220;{}&#8220;]<\/p>\n<div class=\"et_pb_row et_pb_row_0\">\n<div class=\"et_pb_column et_pb_column_4_4 et_pb_column_0    et_pb_css_mix_blend_mode_passthrough et-last-child\">\n<div class=\"et_pb_module et_pb_text et_pb_text_0 et_pb_bg_layout_light  et_pb_text_align_left\">\n<div class=\"et_pb_text_inner\">\n<h1>\u00a0Impressum &amp; Disclaimer<\/h1>\n<p>&nbsp;<\/p>\n<p><strong>Angaben gem\u00e4\u00df \u00a7 5 TMG:<\/strong><\/p>\n<p>Viola W\u00fcnning<br \/>Business Coaching &amp; Training<br \/>Am Kachelstein 23<br \/>53639 K\u00f6nigswinter\u00a0<\/p>\n<\/div>\n<\/div>\n<\/div>\n<\/div>\n<div class=\"et_pb_row et_pb_row_1\">\n<div class=\"et_pb_column et_pb_column_1_3 et_pb_column_1    et_pb_css_mix_blend_mode_passthrough\">\n<div class=\"et_pb_module et_pb_image et_pb_image_0 et_always_center_on_mobile\"><span class=\"et_pb_image_wrap \"><img decoding=\"async\" src=\"https:\/\/businessplan-fuer-coaches.de\/wp-content\/uploads\/2021\/11\/kontakt_fC3BCr-impressum.jpg\" alt=\"\" \/><\/span><\/div>\n<\/div>\n<div class=\"et_pb_column et_pb_column_1_3 et_pb_column_2    et_pb_css_mix_blend_mode_passthrough et_pb_column_empty\"><\/div>\n<div class=\"et_pb_column et_pb_column_1_3 et_pb_column_3    et_pb_css_mix_blend_mode_passthrough et_pb_column_empty\"><\/div>\n<\/div>\n<div class=\"et_pb_row et_pb_row_2\">\n<div class=\"et_pb_column et_pb_column_4_4 et_pb_column_4    et_pb_css_mix_blend_mode_passthrough et-last-child\">\n<div class=\"et_pb_module et_pb_text et_pb_text_1 et_pb_bg_layout_light  et_pb_text_align_left\">\n<div class=\"et_pb_text_inner\">\n<p><strong><\/strong><\/p>\n<p><strong>Umsatzsteuer:<\/strong><\/p>\n<p>Umsatzsteuer-Identifikationsnummer gem\u00e4\u00df \u00a727 a Umsatzsteuergesetz:<br \/>DE313088681<\/p>\n<p><strong>Angaben zur Berufshaftpflichtversicherung<\/strong><br \/>Name und Sitz des Versicherers:<br \/>die Bayrische<br \/>Thomas-Dehler-Str. 25<br \/>81737 M\u00fcnchen<\/p>\n<p>Geltungsraum der Versicherung: Europ\u00e4ische Union, Schweiz, Norwegen, Island und Liechtenstein<\/p>\n<p><strong>Verantwortlich f\u00fcr den Inhalt nach \u00a7 55 Abs. 2 RStV:<\/strong><br \/>Viola W\u00fcnning<br \/>Am Kachelstein 23<br \/>53639 K\u00f6nigswinter\u00a0<\/p>\n<p><strong>Fotos:<br \/><\/strong><span>Fotografin Sylke Gall (<\/span><a href=\"https:\/\/sylkegall.com\/\">https:\/\/sylkegall.com<\/a><span>) und Dominik Pfau (<a href=\"https:\/\/www.dominikpfau.de\/\">https:\/\/www.dominikpfau.de\/<\/a>).<\/span><\/p>\n<p><strong>Streitschlichtung<\/strong><br \/>Wir sind nicht bereit oder verpflichtet, an Streitbeilegungsverfahren vor einer<br \/>Verbraucherschlichtungsstelle teilzunehmen.<\/p>\n<p><strong>Haftung f\u00fcr Inhalte<\/strong><br \/>Als Diensteanbieter sind wir gem\u00e4\u00df \u00a7 7 Abs.1 TMG f\u00fcr eigene Inhalte auf diesen Seiten nach den<br \/>allgemeinen Gesetzen verantwortlich. Nach \u00a7\u00a7 8 bis 10 TMG sind wir als Diensteanbieter jedoch nicht verpflichtet, \u00fcbermittelte oder gespeicherte fremde Informationen zu \u00fcberwachen oder nach Umst\u00e4nden zu forschen, die auf eine rechtswidrige T\u00e4tigkeit hinweisen.<\/p>\n<p>Verpflichtungen zur Entfernung oder Sperrung der Nutzung von Informationen nach den allgemeinen Gesetzen bleiben hiervon unber\u00fchrt. Eine diesbez\u00fcgliche Haftung ist jedoch erst ab dem Zeitpunkt der Kenntnis einer konkreten Rechtsverletzung m\u00f6glich. Bei Bekanntwerden von entsprechenden Rechtsverletzungen werden wir diese Inhalte umgehend entfernen.<\/p>\n<p><strong>Haftung f\u00fcr Links<\/strong><br \/>Unser Angebot enth\u00e4lt Links zu externen Websites Dritter, auf deren Inhalte wir keinen Einfluss haben. Deshalb k\u00f6nnen wir f\u00fcr diese fremden Inhalte auch keine Gew\u00e4hr \u00fcbernehmen. F\u00fcr die Inhalte der verlinkten Seiten ist stets der jeweilige Anbieter oder Betreiber der Seiten verantwortlich. Die verlinkten Seiten wurden zum Zeitpunkt der Verlinkung auf m\u00f6gliche Rechtsverst\u00f6\u00dfe \u00fcberpr\u00fcft. Rechtswidrige Inhalte waren zum Zeitpunkt der Verlinkung nicht erkennbar.<\/p>\n<p>Eine permanente inhaltliche Kontrolle der verlinkten Seiten ist jedoch ohne konkrete Anhaltspunkte einerRechtsverletzung nicht zumutbar. Bei Bekanntwerden von Rechtsverletzungen werden wir derartige Links umgehend entfernen.<\/p>\n<p><strong>Urheberrecht<\/strong><br \/>Die durch die Seitenbetreiber erstellten Inhalte und Werke auf diesen Seiten unterliegen dem deutschen Urheberrecht. Die Vervielf\u00e4ltigung, Bearbeitung, Verbreitung und jede Art der Verwertung au\u00dferhalb der Grenzen des Urheberrechtes bed\u00fcrfen der schriftlichen Zustimmung des jeweiligen Autors bzw. Erstellers. Downloads und Kopien dieser Seite sind nur f\u00fcr den privaten, nicht kommerziellen Gebrauch gestattet.<\/p>\n<p>Soweit die Inhalte auf dieser Seite nicht vom Betreiber erstellt wurden, werden die Urheberrechte Dritter beachtet. Insbesondere werden Inhalte Dritter als solche gekennzeichnet. Sollten Sie trotzdem auf eine Urheberrechtsverletzung aufmerksam werden, bitten wir um einen entsprechenden Hinweis. Bei Bekanntwerden von Rechtsverletzungen werden wir derartige Inhalte umgehend entfernen.<span>\u00a0<\/span><\/p>\n<\/div>\n<\/div>\n<\/div>\n<\/div>\n<div class=\"et_pb_row et_pb_row_3 et_pb_row_4col\">\n<div class=\"et_pb_column et_pb_column_1_4 et_pb_column_5    et_pb_css_mix_blend_mode_passthrough et_pb_column_empty\"><\/div>\n<div class=\"et_pb_column et_pb_column_1_4 et_pb_column_6    et_pb_css_mix_blend_mode_passthrough\">\n<div class=\"et_pb_module et_pb_image et_pb_image_1 et_always_center_on_mobile\"><span class=\"et_pb_image_wrap \"><img decoding=\"async\" src=\"https:\/\/businessplan-fuer-coaches.de\/wp-content\/uploads\/2021\/11\/erecht24-siegel-impressum-blau.png\" alt=\"\" \/><\/span><\/div>\n<\/div>\n<div class=\"et_pb_column et_pb_column_1_4 et_pb_column_7    et_pb_css_mix_blend_mode_passthrough\">\n<div class=\"et_pb_module et_pb_image et_pb_image_2 et_always_center_on_mobile\"><span class=\"et_pb_image_wrap \"><img decoding=\"async\" src=\"https:\/\/businessplan-fuer-coaches.de\/wp-content\/uploads\/2021\/11\/erecht24-siegel-disclaimer-blau.png\" alt=\"\" \/><\/span><\/div>\n<\/div>\n<\/div>\n<p>[\/et_pb_text][\/et_pb_column][\/et_pb_row][\/et_pb_section]<\/p>\n","protected":false},"excerpt":{"rendered":"<p>\u00a0Impressum &amp; Disclaimer &nbsp; Angaben gem\u00e4\u00df \u00a7 5 TMG: Viola W\u00fcnningBusiness Coaching &amp; TrainingAm Kachelstein 2353639 K\u00f6nigswinter\u00a0 Umsatzsteuer: Umsatzsteuer-Identifikationsnummer gem\u00e4\u00df \u00a727 a Umsatzsteuergesetz:DE313088681 Angaben zur BerufshaftpflichtversicherungName und Sitz des Versicherers:die BayrischeThomas-Dehler-Str. 2581737 M\u00fcnchen Geltungsraum der Versicherung: Europ\u00e4ische Union, Schweiz, Norwegen, Island und Liechtenstein Verantwortlich f\u00fcr den Inhalt nach \u00a7 55 Abs. 2 RStV:Viola W\u00fcnningAm Kachelstein [&hellip;]<\/p>\n","protected":false},"author":1,"featured_media":0,"parent":0,"menu_order":0,"comment_status":"closed","ping_status":"closed","template":"page-template-blank.php","meta":{"_et_pb_use_builder":"on","_et_pb_old_content":"","_et_gb_content_width":"","_mi_skip_tracking":false,"footnotes":""},"yoast_head":"<!-- This site is optimized with the Yoast SEO plugin v17.7.1 - https:\/\/yoast.com\/wordpress\/plugins\/seo\/ -->\n<title>Impressum<\/title>\n<meta name=\"robots\" content=\"noindex, nofollow\" \/>\n<meta property=\"og:locale\" content=\"de_DE\" \/>\n<meta property=\"og:type\" content=\"article\" \/>\n<meta property=\"og:title\" content=\"Impressum\" \/>\n<meta property=\"og:description\" content=\"\u00a0Impressum &amp; Disclaimer &nbsp; Angaben gem\u00e4\u00df \u00a7 5 TMG: Viola W\u00fcnningBusiness Coaching &amp; TrainingAm Kachelstein 2353639 K\u00f6nigswinter\u00a0 Umsatzsteuer: Umsatzsteuer-Identifikationsnummer gem\u00e4\u00df \u00a727 a Umsatzsteuergesetz:DE313088681 Angaben zur BerufshaftpflichtversicherungName und Sitz des Versicherers:die BayrischeThomas-Dehler-Str. 2581737 M\u00fcnchen Geltungsraum der Versicherung: Europ\u00e4ische Union, Schweiz, Norwegen, Island und Liechtenstein Verantwortlich f\u00fcr den Inhalt nach \u00a7 55 Abs. 2 RStV:Viola W\u00fcnningAm Kachelstein [&hellip;]\" \/>\n<meta property=\"og:url\" content=\"https:\/\/businessplan-fuer-coaches.de\/?page_id=13\" \/>\n<meta property=\"og:site_name\" content=\"business-plan-fuer-coaches\" \/>\n<meta property=\"article:modified_time\" content=\"2022-11-09T19:43:04+00:00\" \/>\n<meta property=\"og:image\" content=\"https:\/\/businessplan-fuer-coaches.de\/wp-content\/uploads\/2021\/11\/kontakt_fC3BCr-impressum.jpg\" \/>\n<meta name=\"twitter:card\" content=\"summary_large_image\" \/>\n<script type=\"application\/ld+json\" class=\"yoast-schema-graph\">{\"@context\":\"https:\/\/schema.org\",\"@graph\":[{\"@type\":\"WebSite\",\"@id\":\"https:\/\/businessplan-fuer-coaches.de\/#website\",\"url\":\"https:\/\/businessplan-fuer-coaches.de\/\",\"name\":\"business-plan-fuer-coaches\",\"description\":\"Dein erfolgreiches Business Konzept als Coach, Berater oder Trainer\",\"potentialAction\":[{\"@type\":\"SearchAction\",\"target\":{\"@type\":\"EntryPoint\",\"urlTemplate\":\"https:\/\/businessplan-fuer-coaches.de\/?s={search_term_string}\"},\"query-input\":\"required name=search_term_string\"}],\"inLanguage\":\"de\"},{\"@type\":\"ImageObject\",\"@id\":\"https:\/\/businessplan-fuer-coaches.de\/?page_id=13#primaryimage\",\"inLanguage\":\"de\",\"url\":\"https:\/\/businessplan-fuer-coaches.de\/wp-content\/uploads\/2021\/11\/kontakt_fC3BCr-impressum.jpg\",\"contentUrl\":\"https:\/\/businessplan-fuer-coaches.de\/wp-content\/uploads\/2021\/11\/kontakt_fC3BCr-impressum.jpg\",\"width\":500,\"height\":100},{\"@type\":\"WebPage\",\"@id\":\"https:\/\/businessplan-fuer-coaches.de\/?page_id=13#webpage\",\"url\":\"https:\/\/businessplan-fuer-coaches.de\/?page_id=13\",\"name\":\"Impressum\",\"isPartOf\":{\"@id\":\"https:\/\/businessplan-fuer-coaches.de\/#website\"},\"primaryImageOfPage\":{\"@id\":\"https:\/\/businessplan-fuer-coaches.de\/?page_id=13#primaryimage\"},\"datePublished\":\"2021-11-28T16:43:27+00:00\",\"dateModified\":\"2022-11-09T19:43:04+00:00\",\"breadcrumb\":{\"@id\":\"https:\/\/businessplan-fuer-coaches.de\/?page_id=13#breadcrumb\"},\"inLanguage\":\"de\",\"potentialAction\":[{\"@type\":\"ReadAction\",\"target\":[\"https:\/\/businessplan-fuer-coaches.de\/?page_id=13\"]}]},{\"@type\":\"BreadcrumbList\",\"@id\":\"https:\/\/businessplan-fuer-coaches.de\/?page_id=13#breadcrumb\",\"itemListElement\":[{\"@type\":\"ListItem\",\"position\":1,\"name\":\"Startseite\",\"item\":\"https:\/\/businessplan-fuer-coaches.de\/\"},{\"@type\":\"ListItem\",\"position\":2,\"name\":\"Impressum\"}]}]}<\/script>\n<!-- \/ Yoast SEO plugin. -->","yoast_head_json":{"title":"Impressum","robots":{"index":"noindex","follow":"nofollow"},"og_locale":"de_DE","og_type":"article","og_title":"Impressum","og_description":"\u00a0Impressum &amp; Disclaimer &nbsp; Angaben gem\u00e4\u00df \u00a7 5 TMG: Viola W\u00fcnningBusiness Coaching &amp; TrainingAm Kachelstein 2353639 K\u00f6nigswinter\u00a0 Umsatzsteuer: Umsatzsteuer-Identifikationsnummer gem\u00e4\u00df \u00a727 a Umsatzsteuergesetz:DE313088681 Angaben zur BerufshaftpflichtversicherungName und Sitz des Versicherers:die BayrischeThomas-Dehler-Str. 2581737 M\u00fcnchen Geltungsraum der Versicherung: Europ\u00e4ische Union, Schweiz, Norwegen, Island und Liechtenstein Verantwortlich f\u00fcr den Inhalt nach \u00a7 55 Abs. 2 RStV:Viola W\u00fcnningAm Kachelstein [&hellip;]","og_url":"https:\/\/businessplan-fuer-coaches.de\/?page_id=13","og_site_name":"business-plan-fuer-coaches","article_modified_time":"2022-11-09T19:43:04+00:00","og_image":[{"url":"https:\/\/businessplan-fuer-coaches.de\/wp-content\/uploads\/2021\/11\/kontakt_fC3BCr-impressum.jpg"}],"twitter_card":"summary_large_image","schema":{"@context":"https:\/\/schema.org","@graph":[{"@type":"WebSite","@id":"https:\/\/businessplan-fuer-coaches.de\/#website","url":"https:\/\/businessplan-fuer-coaches.de\/","name":"business-plan-fuer-coaches","description":"Dein erfolgreiches Business Konzept als Coach, Berater oder Trainer","potentialAction":[{"@type":"SearchAction","target":{"@type":"EntryPoint","urlTemplate":"https:\/\/businessplan-fuer-coaches.de\/?s={search_term_string}"},"query-input":"required name=search_term_string"}],"inLanguage":"de"},{"@type":"ImageObject","@id":"https:\/\/businessplan-fuer-coaches.de\/?page_id=13#primaryimage","inLanguage":"de","url":"https:\/\/businessplan-fuer-coaches.de\/wp-content\/uploads\/2021\/11\/kontakt_fC3BCr-impressum.jpg","contentUrl":"https:\/\/businessplan-fuer-coaches.de\/wp-content\/uploads\/2021\/11\/kontakt_fC3BCr-impressum.jpg","width":500,"height":100},{"@type":"WebPage","@id":"https:\/\/businessplan-fuer-coaches.de\/?page_id=13#webpage","url":"https:\/\/businessplan-fuer-coaches.de\/?page_id=13","name":"Impressum","isPartOf":{"@id":"https:\/\/businessplan-fuer-coaches.de\/#website"},"primaryImageOfPage":{"@id":"https:\/\/businessplan-fuer-coaches.de\/?page_id=13#primaryimage"},"datePublished":"2021-11-28T16:43:27+00:00","dateModified":"2022-11-09T19:43:04+00:00","breadcrumb":{"@id":"https:\/\/businessplan-fuer-coaches.de\/?page_id=13#breadcrumb"},"inLanguage":"de","potentialAction":[{"@type":"ReadAction","target":["https:\/\/businessplan-fuer-coaches.de\/?page_id=13"]}]},{"@type":"BreadcrumbList","@id":"https:\/\/businessplan-fuer-coaches.de\/?page_id=13#breadcrumb","itemListElement":[{"@type":"ListItem","position":1,"name":"Startseite","item":"https:\/\/businessplan-fuer-coaches.de\/"},{"@type":"ListItem","position":2,"name":"Impressum"}]}]}},"_links":{"self":[{"href":"https:\/\/businessplan-fuer-coaches.de\/index.php?rest_route=\/wp\/v2\/pages\/13"}],"collection":[{"href":"https:\/\/businessplan-fuer-coaches.de\/index.php?rest_route=\/wp\/v2\/pages"}],"about":[{"href":"https:\/\/businessplan-fuer-coaches.de\/index.php?rest_route=\/wp\/v2\/types\/page"}],"author":[{"embeddable":true,"href":"https:\/\/businessplan-fuer-coaches.de\/index.php?rest_route=\/wp\/v2\/users\/1"}],"replies":[{"embeddable":true,"href":"https:\/\/businessplan-fuer-coaches.de\/index.php?rest_route=%2Fwp%2Fv2%2Fcomments&post=13"}],"version-history":[{"count":11,"href":"https:\/\/businessplan-fuer-coaches.de\/index.php?rest_route=\/wp\/v2\/pages\/13\/revisions"}],"predecessor-version":[{"id":425,"href":"https:\/\/businessplan-fuer-coaches.de\/index.php?rest_route=\/wp\/v2\/pages\/13\/revisions\/425"}],"wp:attachment":[{"href":"https:\/\/businessplan-fuer-coaches.de\/index.php?rest_route=%2Fwp%2Fv2%2Fmedia&parent=13"}],"curies":[{"name":"wp","href":"https:\/\/api.w.org\/{rel}","templated":true}]}}